{"id":124,"date":"2023-11-14T14:01:48","date_gmt":"2023-11-14T20:01:48","guid":{"rendered":"https:\/\/canoaplayus.com\/?page_id=124"},"modified":"2024-05-09T11:13:37","modified_gmt":"2024-05-09T17:13:37","slug":"developments","status":"publish","type":"page","link":"https:\/\/canoa.com.mx\/en\/developments\/","title":{"rendered":"Developments"},"content":{"rendered":"","protected":false},"excerpt":{"rendered":"","protected":false},"author":1,"featured_media":18704,"parent":0,"menu_order":0,"comment_status":"closed","ping_status":"closed","template":"page-developments.php","meta":{"_seopress_robots_primary_cat":""},"class_list":["post-124","page","type-page","status-publish","has-post-thumbnail"],"meta_box":{"playus_hero_title":"","playus_hero_content":"","playus_hero_button_text":"","playus_hero_button_type":"","playus_hero_button_page":"","playus_hero_button_url":"","playus_hero_side_title":"Projects and Developments","playus_hero_side_content":"We invite you to discover a world of exceptional real estate opportunities. From exciting residential projects to innovative commercial developments.","playus_intro_pic_image":[{"width":150,"height":150,"file":"2024\/05\/desarrollos1-01.jpg","filesize":657141,"sizes":{"medium":{"file":"desarrollos1-01-300x248.jpg","width":300,"height":248,"mime-type":"image\/jpeg","filesize":16954,"url":"https:\/\/canoa.com.mx\/wp-content\/uploads\/2024\/05\/desarrollos1-01-300x248.jpg"},"large":{"file":"desarrollos1-01-1024x846.jpg","width":1024,"height":846,"mime-type":"image\/jpeg","filesize":169576,"url":"https:\/\/canoa.com.mx\/wp-content\/uploads\/2024\/05\/desarrollos1-01-1024x846.jpg"},"thumbnail":{"file":"desarrollos1-01-150x150.jpg","width":150,"height":150,"mime-type":"image\/jpeg","filesize":6458,"url":"https:\/\/canoa.com.mx\/wp-content\/uploads\/2024\/05\/desarrollos1-01-150x150.jpg"},"medium_large":{"file":"desarrollos1-01-768x634.jpg","width":768,"height":634,"mime-type":"image\/jpeg","filesize":94710,"url":"https:\/\/canoa.com.mx\/wp-content\/uploads\/2024\/05\/desarrollos1-01-768x634.jpg"},"Uri640":{"file":"desarrollos1-01-640x480.jpg","width":640,"height":480,"mime-type":"image\/jpeg","filesize":61929,"url":"https:\/\/canoa.com.mx\/wp-content\/uploads\/2024\/05\/desarrollos1-01-640x480.jpg"},"Uri800":{"file":"desarrollos1-01-800x600.jpg","width":800,"height":600,"mime-type":"image\/jpeg","filesize":95839,"url":"https:\/\/canoa.com.mx\/wp-content\/uploads\/2024\/05\/desarrollos1-01-800x600.jpg"},"Uri1024":{"file":"desarrollos1-01-1024x768.jpg","width":1024,"height":768,"mime-type":"image\/jpeg","filesize":158095,"url":"https:\/\/canoa.com.mx\/wp-content\/uploads\/2024\/05\/desarrollos1-01-1024x768.jpg"},"Uri1280":{"file":"desarrollos1-01-1280x1024.jpg","width":1280,"height":1024,"mime-type":"image\/jpeg","filesize":265824,"url":"https:\/\/canoa.com.mx\/wp-content\/uploads\/2024\/05\/desarrollos1-01-1280x1024.jpg"},"FlexMLS_Agent":{"file":"desarrollos1-01-500x500.jpg","width":500,"height":500,"mime-type":"image\/jpeg","filesize":49708,"url":"https:\/\/canoa.com.mx\/wp-content\/uploads\/2024\/05\/desarrollos1-01-500x500.jpg"},"FlexMLS_Units":{"file":"desarrollos1-01-1000x600.jpg","width":1000,"height":600,"mime-type":"image\/jpeg","filesize":129559,"url":"https:\/\/canoa.com.mx\/wp-content\/uploads\/2024\/05\/desarrollos1-01-1000x600.jpg"},"Association":{"file":"desarrollos1-01-100x83.jpg","width":100,"height":83,"mime-type":"image\/jpeg","filesize":3474,"url":"https:\/\/canoa.com.mx\/wp-content\/uploads\/2024\/05\/desarrollos1-01-100x83.jpg"},"square_500":{"file":"desarrollos1-01-500x500.jpg","width":500,"height":500,"mime-type":"image\/jpeg","filesize":49708,"url":"https:\/\/canoa.com.mx\/wp-content\/uploads\/2024\/05\/desarrollos1-01-500x500.jpg"},"menu_logo":{"file":"desarrollos1-01-180x72.jpg","width":180,"height":72,"mime-type":"image\/jpeg","filesize":5022,"url":"https:\/\/canoa.com.mx\/wp-content\/uploads\/2024\/05\/desarrollos1-01-180x72.jpg"},"menu_logo_mobile":{"file":"desarrollos1-01-150x60.jpg","width":150,"height":60,"mime-type":"image\/jpeg","filesize":4032,"url":"https:\/\/canoa.com.mx\/wp-content\/uploads\/2024\/05\/desarrollos1-01-150x60.jpg"},"hero_big":{"file":"desarrollos1-01-1292x600.jpg","width":1292,"height":600,"mime-type":"image\/jpeg","filesize":223190,"url":"https:\/\/canoa.com.mx\/wp-content\/uploads\/2024\/05\/desarrollos1-01-1292x600.jpg"},"hero_big_small":{"file":"desarrollos1-01-1292x400.jpg","width":1292,"height":400,"mime-type":"image\/jpeg","filesize":170632,"url":"https:\/\/canoa.com.mx\/wp-content\/uploads\/2024\/05\/desarrollos1-01-1292x400.jpg"},"hero_mobile":{"file":"desarrollos1-01-375x570.jpg","width":375,"height":570,"mime-type":"image\/jpeg","filesize":41877,"url":"https:\/\/canoa.com.mx\/wp-content\/uploads\/2024\/05\/desarrollos1-01-375x570.jpg"},"hero_side":{"file":"desarrollos1-01-620x512.jpg","width":620,"height":512,"mime-type":"image\/jpeg","filesize":62345,"url":"https:\/\/canoa.com.mx\/wp-content\/uploads\/2024\/05\/desarrollos1-01-620x512.jpg"},"hero_side_mobile":{"file":"desarrollos1-01-350x290.jpg","width":350,"height":290,"mime-type":"image\/jpeg","filesize":22334,"url":"https:\/\/canoa.com.mx\/wp-content\/uploads\/2024\/05\/desarrollos1-01-350x290.jpg"},"intro_pic":{"file":"desarrollos1-01-600x400.jpg","width":600,"height":400,"mime-type":"image\/jpeg","filesize":50592,"url":"https:\/\/canoa.com.mx\/wp-content\/uploads\/2024\/05\/desarrollos1-01-600x400.jpg"},"video_mobile":{"file":"desarrollos1-01-400x225.jpg","width":400,"height":225,"mime-type":"image\/jpeg","filesize":22350,"url":"https:\/\/canoa.com.mx\/wp-content\/uploads\/2024\/05\/desarrollos1-01-400x225.jpg"},"article_card":{"file":"desarrollos1-01-670x420.jpg","width":670,"height":420,"mime-type":"image\/jpeg","filesize":60874,"url":"https:\/\/canoa.com.mx\/wp-content\/uploads\/2024\/05\/desarrollos1-01-670x420.jpg"},"article_card_mobile":{"file":"desarrollos1-01-370x224.jpg","width":370,"height":224,"mime-type":"image\/jpeg","filesize":20232,"url":"https:\/\/canoa.com.mx\/wp-content\/uploads\/2024\/05\/desarrollos1-01-370x224.jpg"},"article_card_small":{"file":"desarrollos1-01-280x170.jpg","width":280,"height":170,"mime-type":"image\/jpeg","filesize":12650,"url":"https:\/\/canoa.com.mx\/wp-content\/uploads\/2024\/05\/desarrollos1-01-280x170.jpg"},"article_card_horizontal":{"file":"desarrollos1-01-400x350.jpg","width":400,"height":350,"mime-type":"image\/jpeg","filesize":29130,"url":"https:\/\/canoa.com.mx\/wp-content\/uploads\/2024\/05\/desarrollos1-01-400x350.jpg"},"article_big":{"file":"desarrollos1-01-1200x620.jpg","width":1200,"height":620,"mime-type":"image\/jpeg","filesize":171961,"url":"https:\/\/canoa.com.mx\/wp-content\/uploads\/2024\/05\/desarrollos1-01-1200x620.jpg"},"article_big_mobile":{"file":"desarrollos1-01-800x415.jpg","width":800,"height":415,"mime-type":"image\/jpeg","filesize":75959,"url":"https:\/\/canoa.com.mx\/wp-content\/uploads\/2024\/05\/desarrollos1-01-800x415.jpg"},"article_full":{"file":"desarrollos1-01-1200x1067.jpg","width":1200,"height":1067,"mime-type":"image\/jpeg","filesize":307287,"url":"https:\/\/canoa.com.mx\/wp-content\/uploads\/2024\/05\/desarrollos1-01-1200x1067.jpg"},"article_full_mobile":{"file":"desarrollos1-01-800x1067.jpg","width":800,"height":1067,"mime-type":"image\/jpeg","filesize":199694,"url":"https:\/\/canoa.com.mx\/wp-content\/uploads\/2024\/05\/desarrollos1-01-800x1067.jpg"},"region_feed":{"file":"desarrollos1-01-530x320.jpg","width":530,"height":320,"mime-type":"image\/jpeg","filesize":38192,"url":"https:\/\/canoa.com.mx\/wp-content\/uploads\/2024\/05\/desarrollos1-01-530x320.jpg"},"region_feed_best":{"file":"desarrollos1-01-800x474.jpg","width":800,"height":474,"mime-type":"image\/jpeg","filesize":82732,"url":"https:\/\/canoa.com.mx\/wp-content\/uploads\/2024\/05\/desarrollos1-01-800x474.jpg"},"development_feed":{"file":"desarrollos1-01-700x400.jpg","width":700,"height":400,"mime-type":"image\/jpeg","filesize":62547,"url":"https:\/\/canoa.com.mx\/wp-content\/uploads\/2024\/05\/desarrollos1-01-700x400.jpg"},"affiliation_logo":{"file":"desarrollos1-01-1292x80.jpg","width":1292,"height":80,"mime-type":"image\/jpeg","filesize":32867,"url":"https:\/\/canoa.com.mx\/wp-content\/uploads\/2024\/05\/desarrollos1-01-1292x80.jpg"}},"image_meta":{"aperture":"0","credit":"","camera":"","caption":"","created_timestamp":"0","copyright":"","focal_length":"0","iso":"0","shutter_speed":"0","title":"","orientation":"0","keywords":[]},"ID":"18704","name":"desarrollos1-01.jpg","path":"\/var\/www\/html\/wp-content\/uploads\/2024\/05\/desarrollos1-01.jpg","url":"https:\/\/canoa.com.mx\/wp-content\/uploads\/2024\/05\/desarrollos1-01-150x150.jpg","full_url":"https:\/\/canoa.com.mx\/wp-content\/uploads\/2024\/05\/desarrollos1-01.jpg","title":"Encanto del Tuito","caption":"","description":"Terrenos en el Tuito. Departamentos y Casas con vista al mar en Nuevo Vallarta, Bucer\u00edas y Puerto Vallarta, Fotograf\u00edas de propiedades ofrecidas por Canoa Bienes Ra\u00edces","alt":"Encanto del Tuito","srcset":"https:\/\/canoa.com.mx\/wp-content\/uploads\/2024\/05\/desarrollos1-01-150x150.jpg 150w, https:\/\/canoa.com.mx\/wp-content\/uploads\/2024\/05\/desarrollos1-01-500x500.jpg 500w"}],"playus_intro_pic_title":"","playus_intro_pic_content":"","playus_intro_pic_button_text":"","playus_intro_pic_button_type":"","playus_intro_pic_button_page":"","playus_intro_pic_button_url":"","playus_featured_detail_title":"","playus_featured_title":"","playus_featured_button_text":"","playus_featured_button_url":"","playus_featured_shortcode":"","playus_featured_dev_title":"","playus_featured_dev_button_text":"","playus_featured_dev_button_url":"","playus_featured_dev_shortcode":"","playus_title":"","playus_shortcode_content":"<p>[playus_dev_feed type=\"search\" ppp=\"12\" order=\"DESC\"]<\/p>\r\n","playus_content":"","playus_featured_testimonials_title":"","playus_featured_testimonials":[],"playus_best_regions_title":"","playus_best_regions":[],"playus_important_regions_title":"","playus_important_regions":[],"playus_contact_detail_title":"","playus_contact_title":"","playus_contact_content":"","playus_contact_shortcode":"","playus_short_title":"","playus_short_content":"","playus_short_button_text":"","playus_short_button_type":"","playus_short_button_page":"","playus_short_button_url":"","playus_short_button_anchor":"","playus_form_small_title":"","playus_form_title":"","playus_form_content":"","playus_form_shortcode":""},"_links":{"self":[{"href":"https:\/\/canoa.com.mx\/en\/wp-json\/wp\/v2\/pages\/124","targetHints":{"allow":["GET"]}}],"collection":[{"href":"https:\/\/canoa.com.mx\/en\/wp-json\/wp\/v2\/pages"}],"about":[{"href":"https:\/\/canoa.com.mx\/en\/wp-json\/wp\/v2\/types\/page"}],"author":[{"embeddable":true,"href":"https:\/\/canoa.com.mx\/en\/wp-json\/wp\/v2\/users\/1"}],"replies":[{"embeddable":true,"href":"https:\/\/canoa.com.mx\/en\/wp-json\/wp\/v2\/comments?post=124"}],"version-history":[{"count":1,"href":"https:\/\/canoa.com.mx\/en\/wp-json\/wp\/v2\/pages\/124\/revisions"}],"predecessor-version":[{"id":125,"href":"https:\/\/canoa.com.mx\/en\/wp-json\/wp\/v2\/pages\/124\/revisions\/125"}],"wp:featuredmedia":[{"embeddable":true,"href":"https:\/\/canoa.com.mx\/en\/wp-json\/wp\/v2\/media\/18704"}],"wp:attachment":[{"href":"https:\/\/canoa.com.mx\/en\/wp-json\/wp\/v2\/media?parent=124"}],"curies":[{"name":"wp","href":"https:\/\/api.w.org\/{rel}","templated":true}]}}